{"id":684,"date":"2024-04-12T16:10:19","date_gmt":"2024-04-12T16:10:19","guid":{"rendered":"https:\/\/www.casasparavivir.com\/?page_id=684"},"modified":"2024-05-15T15:17:20","modified_gmt":"2024-05-15T15:17:20","slug":"casas-a-medida","status":"publish","type":"page","link":"https:\/\/www.casasparavivir.com\/index.php\/casas-a-medida\/","title":{"rendered":"Casas a Medida"},"content":{"rendered":"\t\t<div data-elementor-type=\"wp-page\" data-elementor-id=\"684\" class=\"elementor elementor-684\">\n\t\t\t\t<div class=\"elementor-element elementor-element-ace1286 e-flex e-con-boxed e-con e-parent\" data-id=\"ace1286\" data-element_type=\"container\" data-e-type=\"container\">\n\t\t\t\t\t<div class=\"e-con-inner\">\n\t\t<div class=\"elementor-element elementor-element-8c315eb e-con-full e-flex e-con e-child\" data-id=\"8c315eb\" data-element_type=\"container\" data-e-type=\"container\">\n\t\t\t\t<div class=\"elementor-element elementor-element-717e3e2 elementor-widget elementor-widget-text-editor\" data-id=\"717e3e2\" data-element_type=\"widget\" data-e-type=\"widget\" data-widget_type=\"text-editor.default\">\n\t\t\t\t<div class=\"elementor-widget-container\">\n\t\t\t\t\t\t\t\t\t<p style=\"text-align: justify;\">Al elegir Casas para Vivir, usted tiene la oportunidad de materializar su propio proyecto, ya sea una casa de jard\u00edn, una vivienda de madera o incluso un garaje tipo taller. Nuestro sello distintivo radica en la experiencia de nuestros especialistas y en nuestro enfoque individualizado para cada cliente. Para nosotros, cada cliente es \u00fanico, sin importar sus necesidades o capacidades. <strong>Incluso si opta por un proyecto est\u00e1ndar de nuestro cat\u00e1logo, le ofrecemos la posibilidad de realizar modificaciones y adaptaciones seg\u00fan sus preferencias.<\/strong><\/p><p style=\"text-align: justify;\"><br \/>Nos destacamos por nuestro enfoque profesional en todas nuestras operaciones. Esto se refleja en la construcci\u00f3n de casas hermosas, modernas, c\u00f3modas y duraderas, listas para satisfacer a sus propietarios durante muchas d\u00e9cadas.<\/p><p style=\"text-align: justify;\"><br \/>Antes de iniciar cualquier proyecto, realizamos un cuidadoso an\u00e1lisis de sus necesidades y de las caracter\u00edsticas de su terreno. Esto nos permite recomendarle la mejor opci\u00f3n para preparar los cimientos de su futura construcci\u00f3n. Adem\u00e1s, seleccionamos los acabados y materiales m\u00e1s adecuados de acuerdo a sus requisitos.<\/p>\t\t\t\t\t\t\t\t<\/div>\n\t\t\t\t<\/div>\n\t\t\t\t<\/div>\n\t\t<div class=\"elementor-element elementor-element-ef754d9 e-con-full e-flex e-con e-child\" data-id=\"ef754d9\" data-element_type=\"container\" data-e-type=\"container\">\n\t\t\t\t<div class=\"elementor-element elementor-element-bf2da44 elementor-widget elementor-widget-image\" data-id=\"bf2da44\" data-element_type=\"widget\" data-e-type=\"widget\" data-widget_type=\"image.default\">\n\t\t\t\t<div class=\"elementor-widget-container\">\n\t\t\t\t\t\t\t\t\t\t\t\t\t\t\t<img fetchpriority=\"high\" decoding=\"async\" width=\"900\" height=\"600\" src=\"https:\/\/www.casasparavivir.com\/wp-content\/uploads\/2024\/05\/01-4.jpg\" class=\"attachment-large size-large wp-image-1219\" alt=\"\" srcset=\"https:\/\/www.casasparavivir.com\/wp-content\/uploads\/2024\/05\/01-4.jpg 900w, https:\/\/www.casasparavivir.com\/wp-content\/uploads\/2024\/05\/01-4-300x200.jpg 300w, https:\/\/www.casasparavivir.com\/wp-content\/uploads\/2024\/05\/01-4-768x512.jpg 768w\" sizes=\"(max-width: 900px) 100vw, 900px\" \/>\t\t\t\t\t\t\t\t\t\t\t\t\t\t\t<\/div>\n\t\t\t\t<\/div>\n\t\t\t\t<\/div>\n\t\t\t\t\t<\/div>\n\t\t\t\t<\/div>\n\t\t<div class=\"elementor-element elementor-element-5e52cb0 e-flex e-con-boxed e-con e-parent\" data-id=\"5e52cb0\" data-element_type=\"container\" data-e-type=\"container\">\n\t\t\t\t\t<div class=\"e-con-inner\">\n\t\t<div class=\"elementor-element elementor-element-e4b555c e-con-full e-flex e-con e-child\" data-id=\"e4b555c\" data-element_type=\"container\" data-e-type=\"container\">\n\t\t\t\t<div class=\"elementor-element elementor-element-8941086 elementor-widget elementor-widget-image\" data-id=\"8941086\" data-element_type=\"widget\" data-e-type=\"widget\" data-widget_type=\"image.default\">\n\t\t\t\t<div class=\"elementor-widget-container\">\n\t\t\t\t\t\t\t\t\t\t\t\t\t\t\t<img decoding=\"async\" width=\"900\" height=\"600\" src=\"https:\/\/www.casasparavivir.com\/wp-content\/uploads\/2024\/05\/02-4.jpg\" class=\"attachment-large size-large wp-image-1238\" alt=\"\" srcset=\"https:\/\/www.casasparavivir.com\/wp-content\/uploads\/2024\/05\/02-4.jpg 900w, https:\/\/www.casasparavivir.com\/wp-content\/uploads\/2024\/05\/02-4-300x200.jpg 300w, https:\/\/www.casasparavivir.com\/wp-content\/uploads\/2024\/05\/02-4-768x512.jpg 768w\" sizes=\"(max-width: 900px) 100vw, 900px\" \/>\t\t\t\t\t\t\t\t\t\t\t\t\t\t\t<\/div>\n\t\t\t\t<\/div>\n\t\t\t\t<\/div>\n\t\t<div class=\"elementor-element elementor-element-5eb34dc e-con-full e-flex e-con e-child\" data-id=\"5eb34dc\" data-element_type=\"container\" data-e-type=\"container\">\n\t\t\t\t<div class=\"elementor-element elementor-element-5816511 elementor-widget elementor-widget-text-editor\" data-id=\"5816511\" data-element_type=\"widget\" data-e-type=\"widget\" data-widget_type=\"text-editor.default\">\n\t\t\t\t<div class=\"elementor-widget-container\">\n\t\t\t\t\t\t\t\t\t<p style=\"text-align: justify;\">Con todas sus ideas y deseos en mente, creamos un proyecto \u00fanico que ofrece la mejor calidad al mejor precio. Le proporcionamos planos para su revisi\u00f3n y ajustes antes de pasar a la producci\u00f3n. Solo despu\u00e9s de su aprobaci\u00f3n por escrito, avanzamos con el proyecto.<\/p><p style=\"text-align: justify;\"><strong><br \/>\u00a1Confiar en nosotros para la construcci\u00f3n de su casa de madera, casa de jard\u00edn o casa de invitados a medida es convertir sus sue\u00f1os en realidad con la m\u00e1xima profesionalidad y en el menor tiempo posible!<\/strong><\/p><h2 style=\"text-align: justify;\"><strong><br \/>\u00bfC\u00f3mo solicitar un presupuesto para una casa de madera a medida? <\/strong><\/h2><p style=\"text-align: justify;\"><br \/>Puede enviar sus planos o dibujos directamente a nuestro correo electr\u00f3nico, proporcionando la mayor cantidad de informaci\u00f3n posible sobre las calidades, ventanas, puertas y todas las caracter\u00edsticas que desea en la casa. Es crucial que los dibujos incluyan todas las medidas de cada espacio en su dise\u00f1o, as\u00ed como el grosor de las paredes deseado, entre otros detalles.<\/p>\t\t\t\t\t\t\t\t<\/div>\n\t\t\t\t<\/div>\n\t\t\t\t<\/div>\n\t\t\t\t\t<\/div>\n\t\t\t\t<\/div>\n\t\t\t\t<\/div>\n\t\t","protected":false},"excerpt":{"rendered":"<p>Al elegir Casas para Vivir, usted tiene la oportunidad de materializar su propio proyecto, ya sea una casa de jard\u00edn, una vivienda de madera o incluso un garaje tipo taller. Nuestro sello distintivo radica en la experiencia de nuestros especialistas y en nuestro enfoque individualizado para cada cliente. Para nosotros, cada cliente es \u00fanico, sin<a class=\"post-read-more\" href=\"https:\/\/www.casasparavivir.com\/index.php\/casas-a-medida\/\">Leer m\u00e1s<\/a><\/p>\n","protected":false},"author":1,"featured_media":0,"parent":0,"menu_order":0,"comment_status":"closed","ping_status":"closed","template":"","meta":{"footnotes":""},"class_list":["post-684","page","type-page","status-publish","hentry"],"_links":{"self":[{"href":"https:\/\/www.casasparavivir.com\/index.php\/wp-json\/wp\/v2\/pages\/684","targetHints":{"allow":["GET"]}}],"collection":[{"href":"https:\/\/www.casasparavivir.com\/index.php\/wp-json\/wp\/v2\/pages"}],"about":[{"href":"https:\/\/www.casasparavivir.com\/index.php\/wp-json\/wp\/v2\/types\/page"}],"author":[{"embeddable":true,"href":"https:\/\/www.casasparavivir.com\/index.php\/wp-json\/wp\/v2\/users\/1"}],"replies":[{"embeddable":true,"href":"https:\/\/www.casasparavivir.com\/index.php\/wp-json\/wp\/v2\/comments?post=684"}],"version-history":[{"count":31,"href":"https:\/\/www.casasparavivir.com\/index.php\/wp-json\/wp\/v2\/pages\/684\/revisions"}],"predecessor-version":[{"id":1241,"href":"https:\/\/www.casasparavivir.com\/index.php\/wp-json\/wp\/v2\/pages\/684\/revisions\/1241"}],"wp:attachment":[{"href":"https:\/\/www.casasparavivir.com\/index.php\/wp-json\/wp\/v2\/media?parent=684"}],"curies":[{"name":"wp","href":"https:\/\/api.w.org\/{rel}","templated":true}]}}