{"id":641,"date":"2024-04-11T16:42:58","date_gmt":"2024-04-11T16:42:58","guid":{"rendered":"https:\/\/www.casasparavivir.com\/?page_id=641"},"modified":"2024-05-09T08:54:12","modified_gmt":"2024-05-09T08:54:12","slug":"productos-extra","status":"publish","type":"page","link":"https:\/\/www.casasparavivir.com\/index.php\/productos-extra\/","title":{"rendered":"Productos Extra"},"content":{"rendered":"\t\t<div data-elementor-type=\"wp-page\" data-elementor-id=\"641\" class=\"elementor elementor-641\">\n\t\t\t\t<div class=\"elementor-element elementor-element-0834c32 e-flex e-con-boxed e-con e-parent\" data-id=\"0834c32\" data-element_type=\"container\" data-e-type=\"container\">\n\t\t\t\t\t<div class=\"e-con-inner\">\n\t\t<div class=\"elementor-element elementor-element-5b2ba15 e-con-full e-flex e-con e-child\" data-id=\"5b2ba15\" data-element_type=\"container\" data-e-type=\"container\">\n\t\t\t\t<div class=\"elementor-element elementor-element-180f1e4 elementor-widget elementor-widget-text-editor\" data-id=\"180f1e4\" data-element_type=\"widget\" data-e-type=\"widget\" data-widget_type=\"text-editor.default\">\n\t\t\t\t<div class=\"elementor-widget-container\">\n\t\t\t\t\t\t\t\t\t<h2>Productos Extra<\/h2><p>\u00a0<\/p><p>Adem\u00e1s de las calidades que ofrecen todas nuestras viviendas de madera standard, le<br \/>ofrecemos la posibilidad de a\u00f1adir productos extra para que tu hogar tenga todas las<br \/>comodidades y estilo deseados por ti.<\/p><p>\u00a0<\/p><p><img decoding=\"async\" class=\"alignnone size-full wp-image-1056\" src=\"https:\/\/www.casasparavivir.com\/wp-content\/uploads\/2024\/05\/ICO-1.jpg\" alt=\"\" width=\"20\" height=\"20\" \/> <strong>CUBIERTA DE TECHO MET\u00c1LICA (COLORES)<\/strong><\/p><p>\u00a0<\/p><p><img decoding=\"async\" class=\"alignnone size-medium wp-image-1057\" src=\"https:\/\/www.casasparavivir.com\/wp-content\/uploads\/2024\/05\/ICO-2.jpg\" alt=\"\" width=\"20\" height=\"20\" \/> <strong>EXTRA GROSOR MADERA PAREDES Y TECHO<\/strong><\/p><p>\u00a0<\/p><p><img decoding=\"async\" class=\"alignnone size-medium wp-image-1058\" src=\"https:\/\/www.casasparavivir.com\/wp-content\/uploads\/2024\/05\/ICO-3.jpg\" alt=\"\" width=\"20\" height=\"20\" \/> <strong>CONDUCTOS PARA LLUVIA<\/strong><\/p><p>\u00a0<\/p><p><img loading=\"lazy\" decoding=\"async\" class=\"alignnone size-medium wp-image-1059\" src=\"https:\/\/www.casasparavivir.com\/wp-content\/uploads\/2024\/05\/ICO-4.jpg\" alt=\"\" width=\"20\" height=\"20\" \/> <strong>TERRAZA<\/strong><\/p><p>\u00a0<\/p><p><img loading=\"lazy\" decoding=\"async\" class=\"alignnone size-medium wp-image-1060\" src=\"https:\/\/www.casasparavivir.com\/wp-content\/uploads\/2024\/05\/ICO-5.jpg\" alt=\"\" width=\"20\" height=\"20\" \/> <strong>HABITACI\u00d3N\/WC EXTRA<\/strong><\/p><p>\u00a0<\/p><p><img loading=\"lazy\" decoding=\"async\" class=\"alignnone size-medium wp-image-1061\" src=\"https:\/\/www.casasparavivir.com\/wp-content\/uploads\/2024\/05\/ICO-6.jpg\" alt=\"\" width=\"20\" height=\"20\" \/> <strong>PERSIANAS EN VENTANAS<\/strong><\/p>\t\t\t\t\t\t\t\t<\/div>\n\t\t\t\t<\/div>\n\t\t\t\t<\/div>\n\t\t<div class=\"elementor-element elementor-element-aa8387f e-con-full e-flex e-con e-child\" data-id=\"aa8387f\" data-element_type=\"container\" data-e-type=\"container\">\n\t\t\t\t<div class=\"elementor-element elementor-element-1821088 elementor-widget elementor-widget-image\" data-id=\"1821088\" data-element_type=\"widget\" data-e-type=\"widget\" data-widget_type=\"image.default\">\n\t\t\t\t<div class=\"elementor-widget-container\">\n\t\t\t\t\t\t\t\t\t\t\t\t\t\t\t<img loading=\"lazy\" decoding=\"async\" width=\"600\" height=\"590\" src=\"https:\/\/www.casasparavivir.com\/wp-content\/uploads\/2024\/05\/01.jpg\" class=\"attachment-large size-large wp-image-1063\" alt=\"\" srcset=\"https:\/\/www.casasparavivir.com\/wp-content\/uploads\/2024\/05\/01.jpg 600w, https:\/\/www.casasparavivir.com\/wp-content\/uploads\/2024\/05\/01-300x295.jpg 300w\" sizes=\"(max-width: 600px) 100vw, 600px\" \/>\t\t\t\t\t\t\t\t\t\t\t\t\t\t\t<\/div>\n\t\t\t\t<\/div>\n\t\t\t\t<\/div>\n\t\t\t\t\t<\/div>\n\t\t\t\t<\/div>\n\t\t<div class=\"elementor-element elementor-element-e025618 e-grid e-con-boxed e-con e-parent\" data-id=\"e025618\" data-element_type=\"container\" data-e-type=\"container\">\n\t\t\t\t\t<div class=\"e-con-inner\">\n\t\t\t\t<div class=\"elementor-element elementor-element-f624098 elementor-widget elementor-widget-image\" data-id=\"f624098\" data-element_type=\"widget\" data-e-type=\"widget\" data-widget_type=\"image.default\">\n\t\t\t\t<div class=\"elementor-widget-container\">\n\t\t\t\t\t\t\t\t\t\t\t\t\t\t\t<img loading=\"lazy\" decoding=\"async\" width=\"644\" height=\"554\" src=\"https:\/\/www.casasparavivir.com\/wp-content\/uploads\/2024\/05\/02.jpg\" class=\"attachment-large size-large wp-image-1083\" alt=\"\" srcset=\"https:\/\/www.casasparavivir.com\/wp-content\/uploads\/2024\/05\/02.jpg 644w, https:\/\/www.casasparavivir.com\/wp-content\/uploads\/2024\/05\/02-300x258.jpg 300w\" sizes=\"(max-width: 644px) 100vw, 644px\" \/>\t\t\t\t\t\t\t\t\t\t\t\t\t\t\t<\/div>\n\t\t\t\t<\/div>\n\t\t\t\t<div class=\"elementor-element elementor-element-2cfcbb7 elementor-widget elementor-widget-image\" data-id=\"2cfcbb7\" data-element_type=\"widget\" data-e-type=\"widget\" data-widget_type=\"image.default\">\n\t\t\t\t<div class=\"elementor-widget-container\">\n\t\t\t\t\t\t\t\t\t\t\t\t\t\t\t<img loading=\"lazy\" decoding=\"async\" width=\"643\" height=\"554\" src=\"https:\/\/www.casasparavivir.com\/wp-content\/uploads\/2024\/05\/03.jpg\" class=\"attachment-large size-large wp-image-1084\" alt=\"\" srcset=\"https:\/\/www.casasparavivir.com\/wp-content\/uploads\/2024\/05\/03.jpg 643w, https:\/\/www.casasparavivir.com\/wp-content\/uploads\/2024\/05\/03-300x258.jpg 300w\" sizes=\"(max-width: 643px) 100vw, 643px\" \/>\t\t\t\t\t\t\t\t\t\t\t\t\t\t\t<\/div>\n\t\t\t\t<\/div>\n\t\t\t\t<div class=\"elementor-element elementor-element-309157d elementor-widget elementor-widget-image\" data-id=\"309157d\" data-element_type=\"widget\" data-e-type=\"widget\" data-widget_type=\"image.default\">\n\t\t\t\t<div class=\"elementor-widget-container\">\n\t\t\t\t\t\t\t\t\t\t\t\t\t\t\t<img loading=\"lazy\" decoding=\"async\" width=\"643\" height=\"554\" src=\"https:\/\/www.casasparavivir.com\/wp-content\/uploads\/2024\/05\/04.jpg\" class=\"attachment-large size-large wp-image-1085\" alt=\"\" srcset=\"https:\/\/www.casasparavivir.com\/wp-content\/uploads\/2024\/05\/04.jpg 643w, https:\/\/www.casasparavivir.com\/wp-content\/uploads\/2024\/05\/04-300x258.jpg 300w\" sizes=\"(max-width: 643px) 100vw, 643px\" \/>\t\t\t\t\t\t\t\t\t\t\t\t\t\t\t<\/div>\n\t\t\t\t<\/div>\n\t\t\t\t\t<\/div>\n\t\t\t\t<\/div>\n\t\t<div class=\"elementor-element elementor-element-3e90971 e-grid e-con-boxed e-con e-parent\" data-id=\"3e90971\" data-element_type=\"container\" data-e-type=\"container\">\n\t\t\t\t\t<div class=\"e-con-inner\">\n\t\t\t\t<div class=\"elementor-element elementor-element-e28a765 elementor-widget elementor-widget-heading\" data-id=\"e28a765\" data-element_type=\"widget\" data-e-type=\"widget\" data-widget_type=\"heading.default\">\n\t\t\t\t<div class=\"elementor-widget-container\">\n\t\t\t\t\t<h2 class=\"elementor-heading-title elementor-size-default\">Aislamiento\nTejado<\/h2>\t\t\t\t<\/div>\n\t\t\t\t<\/div>\n\t\t\t\t<div class=\"elementor-element elementor-element-b44f14d elementor-widget elementor-widget-heading\" data-id=\"b44f14d\" data-element_type=\"widget\" data-e-type=\"widget\" data-widget_type=\"heading.default\">\n\t\t\t\t<div class=\"elementor-widget-container\">\n\t\t\t\t\t<h2 class=\"elementor-heading-title elementor-size-default\">Aislamiento\nSuelo<\/h2>\t\t\t\t<\/div>\n\t\t\t\t<\/div>\n\t\t\t\t<div class=\"elementor-element elementor-element-153aec8 elementor-widget elementor-widget-heading\" data-id=\"153aec8\" data-element_type=\"widget\" data-e-type=\"widget\" data-widget_type=\"heading.default\">\n\t\t\t\t<div class=\"elementor-widget-container\">\n\t\t\t\t\t<h2 class=\"elementor-heading-title elementor-size-default\">Aislamiento\nParedes<\/h2>\t\t\t\t<\/div>\n\t\t\t\t<\/div>\n\t\t\t\t\t<\/div>\n\t\t\t\t<\/div>\n\t\t<div class=\"elementor-element elementor-element-cb4b1fc e-flex e-con-boxed e-con e-parent\" data-id=\"cb4b1fc\" data-element_type=\"container\" data-e-type=\"container\">\n\t\t\t\t\t<div class=\"e-con-inner\">\n\t\t\t\t<div class=\"elementor-element elementor-element-2799a43 elementor-widget elementor-widget-text-editor\" data-id=\"2799a43\" data-element_type=\"widget\" data-e-type=\"widget\" data-widget_type=\"text-editor.default\">\n\t\t\t\t<div class=\"elementor-widget-container\">\n\t\t\t\t\t\t\t\t\t<p>Te ofrecemos la posibilidad de aislar completamente tu vivienda tanto en el tejado como en el suelo o las paredes, para que tu hogar sea lo m\u00e1s confortable posible y adem\u00e1s de ahorrar para conseguir la temperatura perfecta contribuyes as\u00ed con el medioambiente.<\/p>\t\t\t\t\t\t\t\t<\/div>\n\t\t\t\t<\/div>\n\t\t\t\t\t<\/div>\n\t\t\t\t<\/div>\n\t\t\t\t<\/div>\n\t\t","protected":false},"excerpt":{"rendered":"<p>Productos Extra \u00a0 Adem\u00e1s de las calidades que ofrecen todas nuestras viviendas de madera standard, leofrecemos la posibilidad de a\u00f1adir productos extra para que tu hogar tenga todas lascomodidades y estilo deseados por ti. \u00a0 CUBIERTA DE TECHO MET\u00c1LICA (COLORES) \u00a0 EXTRA GROSOR MADERA PAREDES Y TECHO \u00a0 CONDUCTOS PARA LLUVIA \u00a0 TERRAZA \u00a0 HABITACI\u00d3N\/WC<a class=\"post-read-more\" href=\"https:\/\/www.casasparavivir.com\/index.php\/productos-extra\/\">Leer m\u00e1s<\/a><\/p>\n","protected":false},"author":1,"featured_media":0,"parent":0,"menu_order":0,"comment_status":"closed","ping_status":"closed","template":"","meta":{"footnotes":""},"class_list":["post-641","page","type-page","status-publish","hentry"],"_links":{"self":[{"href":"https:\/\/www.casasparavivir.com\/index.php\/wp-json\/wp\/v2\/pages\/641","targetHints":{"allow":["GET"]}}],"collection":[{"href":"https:\/\/www.casasparavivir.com\/index.php\/wp-json\/wp\/v2\/pages"}],"about":[{"href":"https:\/\/www.casasparavivir.com\/index.php\/wp-json\/wp\/v2\/types\/page"}],"author":[{"embeddable":true,"href":"https:\/\/www.casasparavivir.com\/index.php\/wp-json\/wp\/v2\/users\/1"}],"replies":[{"embeddable":true,"href":"https:\/\/www.casasparavivir.com\/index.php\/wp-json\/wp\/v2\/comments?post=641"}],"version-history":[{"count":37,"href":"https:\/\/www.casasparavivir.com\/index.php\/wp-json\/wp\/v2\/pages\/641\/revisions"}],"predecessor-version":[{"id":1100,"href":"https:\/\/www.casasparavivir.com\/index.php\/wp-json\/wp\/v2\/pages\/641\/revisions\/1100"}],"wp:attachment":[{"href":"https:\/\/www.casasparavivir.com\/index.php\/wp-json\/wp\/v2\/media?parent=641"}],"curies":[{"name":"wp","href":"https:\/\/api.w.org\/{rel}","templated":true}]}}