{"id":396,"date":"2024-02-26T16:38:37","date_gmt":"2024-02-26T16:38:37","guid":{"rendered":"https:\/\/casasparavivir.com\/?page_id=396"},"modified":"2024-05-15T14:58:42","modified_gmt":"2024-05-15T14:58:42","slug":"certificaciones-cte","status":"publish","type":"page","link":"https:\/\/www.casasparavivir.com\/index.php\/certificaciones-cte\/","title":{"rendered":"Certificaciones CTE"},"content":{"rendered":"\t\t<div data-elementor-type=\"wp-page\" data-elementor-id=\"396\" class=\"elementor elementor-396\">\n\t\t\t\t<div class=\"elementor-element elementor-element-db65b7b e-flex e-con-boxed e-con e-parent\" data-id=\"db65b7b\" data-element_type=\"container\" data-e-type=\"container\">\n\t\t\t\t\t<div class=\"e-con-inner\">\n\t\t<div class=\"elementor-element elementor-element-71520b1 e-con-full e-flex e-con e-child\" data-id=\"71520b1\" data-element_type=\"container\" data-e-type=\"container\">\n\t\t\t\t<div class=\"elementor-element elementor-element-08c7655 elementor-widget elementor-widget-image\" data-id=\"08c7655\" data-element_type=\"widget\" data-e-type=\"widget\" data-widget_type=\"image.default\">\n\t\t\t\t<div class=\"elementor-widget-container\">\n\t\t\t\t\t\t\t\t\t\t\t\t\t\t\t<img fetchpriority=\"high\" decoding=\"async\" width=\"1024\" height=\"855\" src=\"https:\/\/www.casasparavivir.com\/wp-content\/uploads\/2024\/05\/01-3-1024x855.jpg\" class=\"attachment-large size-large wp-image-1173\" alt=\"\" srcset=\"https:\/\/www.casasparavivir.com\/wp-content\/uploads\/2024\/05\/01-3-1024x855.jpg 1024w, https:\/\/www.casasparavivir.com\/wp-content\/uploads\/2024\/05\/01-3-300x251.jpg 300w, https:\/\/www.casasparavivir.com\/wp-content\/uploads\/2024\/05\/01-3-768x641.jpg 768w, https:\/\/www.casasparavivir.com\/wp-content\/uploads\/2024\/05\/01-3.jpg 1200w\" sizes=\"(max-width: 1024px) 100vw, 1024px\" \/>\t\t\t\t\t\t\t\t\t\t\t\t\t\t\t<\/div>\n\t\t\t\t<\/div>\n\t\t\t\t<\/div>\n\t\t<div class=\"elementor-element elementor-element-d1e912f e-con-full e-flex e-con e-child\" data-id=\"d1e912f\" data-element_type=\"container\" data-e-type=\"container\">\n\t\t\t\t<div class=\"elementor-element elementor-element-2875e6a elementor-widget elementor-widget-text-editor\" data-id=\"2875e6a\" data-element_type=\"widget\" data-e-type=\"widget\" data-widget_type=\"text-editor.default\">\n\t\t\t\t<div class=\"elementor-widget-container\">\n\t\t\t\t\t\t\t\t\t<p style=\"text-align: justify;\">El <strong>C\u00f3digo T\u00e9cnico de la edificaci\u00f3n <\/strong>(CTE) es el <strong>marco normativo <\/strong>sobre aquellas exigencias y responsabilidades que deben cumplir los edificios respecto a seguridad y habitabilidad. Este marco puede completarse con otras normativas dictadas por identidades competentes.<\/p><p>\u00a0<\/p><p style=\"text-align: justify;\"><strong><em>Construction Products Regulation,<\/em><\/strong> es el <strong>reglamento de productos para la construcci\u00f3n <\/strong>que\u00a0debe de seguir todos los pa\u00edses miembros de Uni\u00f3n Europea. Por lo que <strong>fabricantes, distribuidores, ingenier\u00edas <\/strong>e <strong>instaladores <\/strong>deben estar correctamente informados sobre la actualizaci\u00f3n del marco normativo CTE y <strong>el reglamento CPR, <\/strong>enfocado a la clasificaci\u00f3n y exigencias de control de calidad de los productos.<\/p><p>\u00a0<\/p><p style=\"text-align: justify;\">Con esta regulaci\u00f3n, se pretende establecer una gu\u00eda clara y documentaci\u00f3n oficial sobre productos de construcci\u00f3n, prestaci\u00f3n, la utilizaci\u00f3n de un \u00fanico lenguaje t\u00e9cnico y m\u00e9todos de evaluaci\u00f3n de informes. Adem\u00e1s, de regir unos est\u00e1ndares de calidad.<\/p><p>\u00a0<\/p><p style=\"text-align: justify;\"><strong>Nos enorgullece ser la \u00fanica empresa en Espa\u00f1a con el certificado necesario para montar nuestras casas en suelo urbano, brind\u00e1ndole la libertad de elegir el lugar perfecto para su hogar.<\/strong><\/p>\t\t\t\t\t\t\t\t<\/div>\n\t\t\t\t<\/div>\n\t\t\t\t<\/div>\n\t\t\t\t\t<\/div>\n\t\t\t\t<\/div>\n\t\t<div class=\"elementor-element elementor-element-1010535 e-flex e-con-boxed e-con e-parent\" data-id=\"1010535\" data-element_type=\"container\" data-e-type=\"container\">\n\t\t\t\t\t<div class=\"e-con-inner\">\n\t\t<div class=\"elementor-element elementor-element-0f7a106 e-con-full e-flex e-con e-child\" data-id=\"0f7a106\" data-element_type=\"container\" data-e-type=\"container\">\n\t\t\t\t<div class=\"elementor-element elementor-element-8873853 elementor-widget elementor-widget-text-editor\" data-id=\"8873853\" data-element_type=\"widget\" data-e-type=\"widget\" data-widget_type=\"text-editor.default\">\n\t\t\t\t<div class=\"elementor-widget-container\">\n\t\t\t\t\t\t\t\t\t<p><strong>NORMATIVAS C\u00d3DIGO CIVIL<\/strong><\/p><p>\u00a0<\/p><p style=\"text-align: justify;\"><em>\u201cLa legalidad o ilegalidad de una vivienda no depende del tipo de material con el que se construya sino de si se puede calificar de <strong>bien mueble o inmueble <\/strong>y del <strong>suelo sobre el que se edifique la construcci\u00f3n.\u00bb<\/strong><\/em><\/p><p>\u00a0<\/p><p style=\"text-align: justify;\"><em>\u00abUna casa o caseta de madera o prefabricada con otros materiales, si no se encuentra anclada de forma fija al suelo, dispone de posibilidad de trasladarse a otro emplazamiento, y que posee sus propios medios para abastecerse de agua, luz y fosa s\u00e9ptica, ser\u00e1 considerada como bien mueble\u00bb.<br \/><br \/><\/em><em>*En el art\u00edculo 335 del c\u00f3digo civil se definen como bienes susceptibles de apropiaci\u00f3n no comprendidos en el art\u00edculo 334 del c\u00f3digo civil, y en general todos los que se pueden transportar de un punto a otros sin menoscabo de la cosa inmueble a que estuvieren unidos ver Art\u00edculos 334 y 335 del c\u00f3digo civil.<br \/><br \/><\/em>Una construcci\u00f3n del tipo casa o caseta <strong>pasa a ser considerada bien inmueble <\/strong>en el momento en que queda anclada al suelo de forma permanente ya sea sobre una solera o mediante conexi\u00f3n a la red de alcantarillado, agua o electricidad. En este caso, pasa a tener consideraci\u00f3n de vivienda y deber\u00e1 encontrarse sobre suelo destinado a esta condici\u00f3n, por tanto deberemos disponer de un suelo urbano para construir nuestra vivienda, sea o no de madera.<br \/><br \/><strong>Una caseta de madera, prefabricada o casa tipo mobile home, <\/strong>se caracteriza por no encontrarse anclada al terreno y disponer de la posibilidad de transportarse a cualquier otro emplazamiento siempre que se desee, tiene consideraci\u00f3n de bien mueble.<\/p><p style=\"text-align: justify;\">Una caseta, o casa tipo mobile home, no tiene consideraci\u00f3n de vivienda aunque se pueda vivir en ella, puede instalarse en un terreno r\u00fastico siempre que no est\u00e9 catalogado de terreno r\u00fastico protegido.<br \/><br \/>El mejor emplazamiento para pasar largas temporadas alojado con una caseta tipo mobile home son los espacios tipo camping especialmente habilitados para este tipo de veh\u00edculos, de este modo podremos disfrutar de servicios como agua corriente o luz.<\/p>\t\t\t\t\t\t\t\t<\/div>\n\t\t\t\t<\/div>\n\t\t\t\t<\/div>\n\t\t<div class=\"elementor-element elementor-element-1c46d20 e-con-full e-flex e-con e-child\" data-id=\"1c46d20\" data-element_type=\"container\" data-e-type=\"container\">\n\t\t\t\t<div class=\"elementor-element elementor-element-6c97fff elementor-widget elementor-widget-image\" data-id=\"6c97fff\" data-element_type=\"widget\" data-e-type=\"widget\" data-widget_type=\"image.default\">\n\t\t\t\t<div class=\"elementor-widget-container\">\n\t\t\t\t\t\t\t\t\t\t\t\t\t\t\t<img decoding=\"async\" width=\"683\" height=\"1024\" src=\"https:\/\/www.casasparavivir.com\/wp-content\/uploads\/2024\/05\/02-3-683x1024.jpg\" class=\"attachment-large size-large wp-image-1205\" alt=\"\" srcset=\"https:\/\/www.casasparavivir.com\/wp-content\/uploads\/2024\/05\/02-3-683x1024.jpg 683w, https:\/\/www.casasparavivir.com\/wp-content\/uploads\/2024\/05\/02-3-200x300.jpg 200w, https:\/\/www.casasparavivir.com\/wp-content\/uploads\/2024\/05\/02-3-768x1152.jpg 768w, https:\/\/www.casasparavivir.com\/wp-content\/uploads\/2024\/05\/02-3-1024x1536.jpg 1024w, https:\/\/www.casasparavivir.com\/wp-content\/uploads\/2024\/05\/02-3.jpg 1200w\" sizes=\"(max-width: 683px) 100vw, 683px\" \/>\t\t\t\t\t\t\t\t\t\t\t\t\t\t\t<\/div>\n\t\t\t\t<\/div>\n\t\t\t\t<\/div>\n\t\t\t\t\t<\/div>\n\t\t\t\t<\/div>\n\t\t\t\t<\/div>\n\t\t","protected":false},"excerpt":{"rendered":"<p>El C\u00f3digo T\u00e9cnico de la edificaci\u00f3n (CTE) es el marco normativo sobre aquellas exigencias y responsabilidades que deben cumplir los edificios respecto a seguridad y habitabilidad. Este marco puede completarse con otras normativas dictadas por identidades competentes. \u00a0 Construction Products Regulation, es el reglamento de productos para la construcci\u00f3n que\u00a0debe de seguir todos los pa\u00edses<a class=\"post-read-more\" href=\"https:\/\/www.casasparavivir.com\/index.php\/certificaciones-cte\/\">Leer m\u00e1s<\/a><\/p>\n","protected":false},"author":1,"featured_media":0,"parent":0,"menu_order":0,"comment_status":"closed","ping_status":"closed","template":"","meta":{"footnotes":""},"class_list":["post-396","page","type-page","status-publish","hentry"],"_links":{"self":[{"href":"https:\/\/www.casasparavivir.com\/index.php\/wp-json\/wp\/v2\/pages\/396","targetHints":{"allow":["GET"]}}],"collection":[{"href":"https:\/\/www.casasparavivir.com\/index.php\/wp-json\/wp\/v2\/pages"}],"about":[{"href":"https:\/\/www.casasparavivir.com\/index.php\/wp-json\/wp\/v2\/types\/page"}],"author":[{"embeddable":true,"href":"https:\/\/www.casasparavivir.com\/index.php\/wp-json\/wp\/v2\/users\/1"}],"replies":[{"embeddable":true,"href":"https:\/\/www.casasparavivir.com\/index.php\/wp-json\/wp\/v2\/comments?post=396"}],"version-history":[{"count":37,"href":"https:\/\/www.casasparavivir.com\/index.php\/wp-json\/wp\/v2\/pages\/396\/revisions"}],"predecessor-version":[{"id":1208,"href":"https:\/\/www.casasparavivir.com\/index.php\/wp-json\/wp\/v2\/pages\/396\/revisions\/1208"}],"wp:attachment":[{"href":"https:\/\/www.casasparavivir.com\/index.php\/wp-json\/wp\/v2\/media?parent=396"}],"curies":[{"name":"wp","href":"https:\/\/api.w.org\/{rel}","templated":true}]}}