{"id":391,"date":"2024-02-26T16:37:50","date_gmt":"2024-02-26T16:37:50","guid":{"rendered":"https:\/\/casasparavivir.com\/?page_id=391"},"modified":"2024-05-15T15:24:42","modified_gmt":"2024-05-15T15:24:42","slug":"condiciones-de-venta","status":"publish","type":"page","link":"https:\/\/www.casasparavivir.com\/index.php\/condiciones-de-venta\/","title":{"rendered":"Condiciones de venta"},"content":{"rendered":"\t\t<div data-elementor-type=\"wp-page\" data-elementor-id=\"391\" class=\"elementor elementor-391\">\n\t\t\t\t<div class=\"elementor-element elementor-element-ebf041d e-flex e-con-boxed e-con e-parent\" data-id=\"ebf041d\" data-element_type=\"container\" data-e-type=\"container\">\n\t\t\t\t\t<div class=\"e-con-inner\">\n\t\t<div class=\"elementor-element elementor-element-b471e03 e-con-full e-flex e-con e-child\" data-id=\"b471e03\" data-element_type=\"container\" data-e-type=\"container\">\n\t\t\t\t<div class=\"elementor-element elementor-element-6ae1171 elementor-widget elementor-widget-image\" data-id=\"6ae1171\" data-element_type=\"widget\" data-e-type=\"widget\" data-widget_type=\"image.default\">\n\t\t\t\t<div class=\"elementor-widget-container\">\n\t\t\t\t\t\t\t\t\t\t\t\t\t\t\t<img fetchpriority=\"high\" decoding=\"async\" width=\"900\" height=\"600\" src=\"https:\/\/www.casasparavivir.com\/wp-content\/uploads\/2024\/05\/01-2.jpg\" class=\"attachment-large size-large wp-image-1139\" alt=\"\" srcset=\"https:\/\/www.casasparavivir.com\/wp-content\/uploads\/2024\/05\/01-2.jpg 900w, https:\/\/www.casasparavivir.com\/wp-content\/uploads\/2024\/05\/01-2-300x200.jpg 300w, https:\/\/www.casasparavivir.com\/wp-content\/uploads\/2024\/05\/01-2-768x512.jpg 768w\" sizes=\"(max-width: 900px) 100vw, 900px\" \/>\t\t\t\t\t\t\t\t\t\t\t\t\t\t\t<\/div>\n\t\t\t\t<\/div>\n\t\t\t\t<\/div>\n\t\t<div class=\"elementor-element elementor-element-0d4f62a e-con-full e-flex e-con e-child\" data-id=\"0d4f62a\" data-element_type=\"container\" data-e-type=\"container\">\n\t\t\t\t<div class=\"elementor-element elementor-element-d74a967 elementor-widget elementor-widget-text-editor\" data-id=\"d74a967\" data-element_type=\"widget\" data-e-type=\"widget\" data-widget_type=\"text-editor.default\">\n\t\t\t\t<div class=\"elementor-widget-container\">\n\t\t\t\t\t\t\t\t\t<h2><strong>Condiciones de Venta<br \/><br \/><\/strong><\/h2><p style=\"text-align: justify;\">Para realizar un pedido, le invitamos a explorar nuestra selecci\u00f3n de casas de madera en nuestro sitio web y luego contactar con nuestro departamento comercial por tel\u00e9fono o correo electr\u00f3nico.<br \/><br \/>Por favor, indique el producto y las opciones que desea para su futura vivienda. Una vez recibida su solicitud, le enviaremos un presupuesto detallado que incluir\u00e1 todas las condiciones del mismo.<br \/><br \/>Si est\u00e1 de acuerdo con el presupuesto y desea proceder con el pedido, puede confirmarlo siguiendo las indicaciones proporcionadas en el presupuesto o siguiendo las instrucciones del representante comercial que lo asista.<br \/><br \/><strong>\u00a1Estamos aqu\u00ed para ayudarlo a hacer realidad su proyecto de casa de madera!<\/strong><\/p>\t\t\t\t\t\t\t\t<\/div>\n\t\t\t\t<\/div>\n\t\t\t\t<\/div>\n\t\t\t\t\t<\/div>\n\t\t\t\t<\/div>\n\t\t<div class=\"elementor-element elementor-element-422ba7e e-flex e-con-boxed e-con e-parent\" data-id=\"422ba7e\" data-element_type=\"container\" data-e-type=\"container\">\n\t\t\t\t\t<div class=\"e-con-inner\">\n\t\t<div class=\"elementor-element elementor-element-afd3a9d e-con-full e-flex e-con e-child\" data-id=\"afd3a9d\" data-element_type=\"container\" data-e-type=\"container\">\n\t\t\t\t<div class=\"elementor-element elementor-element-541b4c9 elementor-widget elementor-widget-text-editor\" data-id=\"541b4c9\" data-element_type=\"widget\" data-e-type=\"widget\" data-widget_type=\"text-editor.default\">\n\t\t\t\t<div class=\"elementor-widget-container\">\n\t\t\t\t\t\t\t\t\t<h2><strong>Informaci\u00f3n Importante<\/strong><\/h2>\n&nbsp;\n<ol style=\"text-align: justify;\">\n \t<li>La mercanc\u00eda pertenecer\u00e1 a Comaser 2007, S.L. hasta que se realice el pago completo de la factura presentada.<\/li>\n \t<li>El cliente es responsable de contar con los medios necesarios para descargar el pedido desde el cami\u00f3n (elevador, etc) hasta la zona de descarga.<\/li>\n \t<li>Una vez formalizado el contrato y realizado el primer pago la fecha de entrega es de entre 6 a 8 semanas dependiendo del modelo deseado.<\/li>\n \t<li>Las formas de pago son: 50% para la fabricaci\u00f3n, 30% al env\u00edo y 20% restante a la descarga.<\/li>\n \t<li>En el caso de que el transporte no pueda descargar el material en el lugar de montaje de la vivienda, ser\u00e1 responsabilidad del cliente trasladar el material al punto de montaje.<\/li>\n \t<li>El cliente debe proporcionar una toma de corriente de 220V con capacidad para 15 amperios. En el caso de que no haya suministro el\u00e9ctrico, el cliente deber\u00e1 tener un grupo electr\u00f3geno de al menos 5000 W disponible en el \u00e1rea de montaje. Si el cliente no ha informado a la empresa Comaser 2007, S.L. de esta situaci\u00f3n, los costos relacionados con la inactividad durante el proceso de montaje ser\u00e1n responsabilidad del cliente.<\/li>\n \t<li>La base de hormig\u00f3n, instalaci\u00f3n de electricidad y fontaner\u00eda correr\u00e1n por parte del cliente.<\/li>\n \t<li>Si la base de hormig\u00f3n no cumple con nuestras normas, Comaser 2007, S.L. no empezara el proceso del montaje y los costes de inactividad ser\u00e1n a cargo del cliente.<\/li>\n \t<li>Si durante el proceso de montaje surge una interrupci\u00f3n debido a la responsabilidad del cliente y la madera queda expuesta a condiciones ambientales adversas como lluvia, viento, sol o humedad, Comaser 2007, S.L. no se har\u00e1 responsable de las garant\u00edas asociadas a dichos productos. Adem\u00e1s, la empresa no asumir\u00e1 responsabilidad por la casa construida y entregada en tales circunstancias. Un ejemplo de culpa del cliente podr\u00eda ser la falta de permisos de obra necesarios para el proyecto.<\/li>\n \t<li>La empresa Comaser 2007, S.L. informa al cliente que la obtenci\u00f3n de los permisos necesarios del Ayuntamiento para la instalaci\u00f3n de cualquier casa de madera ser\u00e1 responsabilidad exclusiva del cliente. Al aceptar esta condici\u00f3n, el cliente reconoce y asume plenamente esta responsabilidad. En ning\u00fan caso, la empresa estar\u00e1 obligada a reembolsar ning\u00fan pago si el cliente no cumple con los requisitos de los permisos correspondientes.<\/li>\n<\/ol>\t\t\t\t\t\t\t\t<\/div>\n\t\t\t\t<\/div>\n\t\t\t\t<\/div>\n\t\t<div class=\"elementor-element elementor-element-bda008a e-con-full e-flex e-con e-child\" data-id=\"bda008a\" data-element_type=\"container\" data-e-type=\"container\">\n\t\t\t\t<div class=\"elementor-element elementor-element-c1ab8a8 elementor-widget elementor-widget-image\" data-id=\"c1ab8a8\" data-element_type=\"widget\" data-e-type=\"widget\" data-widget_type=\"image.default\">\n\t\t\t\t<div class=\"elementor-widget-container\">\n\t\t\t\t\t\t\t\t\t\t\t\t\t\t\t<img decoding=\"async\" width=\"683\" height=\"1024\" src=\"https:\/\/www.casasparavivir.com\/wp-content\/uploads\/2024\/05\/03-2-683x1024.jpg\" class=\"attachment-large size-large wp-image-1154\" alt=\"\" srcset=\"https:\/\/www.casasparavivir.com\/wp-content\/uploads\/2024\/05\/03-2-683x1024.jpg 683w, https:\/\/www.casasparavivir.com\/wp-content\/uploads\/2024\/05\/03-2-200x300.jpg 200w, https:\/\/www.casasparavivir.com\/wp-content\/uploads\/2024\/05\/03-2-768x1152.jpg 768w, https:\/\/www.casasparavivir.com\/wp-content\/uploads\/2024\/05\/03-2.jpg 800w\" sizes=\"(max-width: 683px) 100vw, 683px\" \/>\t\t\t\t\t\t\t\t\t\t\t\t\t\t\t<\/div>\n\t\t\t\t<\/div>\n\t\t\t\t<\/div>\n\t\t\t\t\t<\/div>\n\t\t\t\t<\/div>\n\t\t\t\t<\/div>\n\t\t","protected":false},"excerpt":{"rendered":"<p>Condiciones de Venta Para realizar un pedido, le invitamos a explorar nuestra selecci\u00f3n de casas de madera en nuestro sitio web y luego contactar con nuestro departamento comercial por tel\u00e9fono o correo electr\u00f3nico. Por favor, indique el producto y las opciones que desea para su futura vivienda. Una vez recibida su solicitud, le enviaremos un<a class=\"post-read-more\" href=\"https:\/\/www.casasparavivir.com\/index.php\/condiciones-de-venta\/\">Leer m\u00e1s<\/a><\/p>\n","protected":false},"author":1,"featured_media":0,"parent":0,"menu_order":0,"comment_status":"closed","ping_status":"closed","template":"","meta":{"footnotes":""},"class_list":["post-391","page","type-page","status-publish","hentry"],"_links":{"self":[{"href":"https:\/\/www.casasparavivir.com\/index.php\/wp-json\/wp\/v2\/pages\/391","targetHints":{"allow":["GET"]}}],"collection":[{"href":"https:\/\/www.casasparavivir.com\/index.php\/wp-json\/wp\/v2\/pages"}],"about":[{"href":"https:\/\/www.casasparavivir.com\/index.php\/wp-json\/wp\/v2\/types\/page"}],"author":[{"embeddable":true,"href":"https:\/\/www.casasparavivir.com\/index.php\/wp-json\/wp\/v2\/users\/1"}],"replies":[{"embeddable":true,"href":"https:\/\/www.casasparavivir.com\/index.php\/wp-json\/wp\/v2\/comments?post=391"}],"version-history":[{"count":40,"href":"https:\/\/www.casasparavivir.com\/index.php\/wp-json\/wp\/v2\/pages\/391\/revisions"}],"predecessor-version":[{"id":1247,"href":"https:\/\/www.casasparavivir.com\/index.php\/wp-json\/wp\/v2\/pages\/391\/revisions\/1247"}],"wp:attachment":[{"href":"https:\/\/www.casasparavivir.com\/index.php\/wp-json\/wp\/v2\/media?parent=391"}],"curies":[{"name":"wp","href":"https:\/\/api.w.org\/{rel}","templated":true}]}}