{"id":1257,"date":"2024-05-15T16:17:49","date_gmt":"2024-05-15T16:17:49","guid":{"rendered":"https:\/\/www.casasparavivir.com\/?page_id=1257"},"modified":"2024-05-15T16:33:18","modified_gmt":"2024-05-15T16:33:18","slug":"aviso-legal","status":"publish","type":"page","link":"https:\/\/www.casasparavivir.com\/index.php\/aviso-legal\/","title":{"rendered":"Aviso Legal"},"content":{"rendered":"\t\t<div data-elementor-type=\"wp-page\" data-elementor-id=\"1257\" class=\"elementor elementor-1257\">\n\t\t\t\t<div class=\"elementor-element elementor-element-bcee60b e-flex e-con-boxed e-con e-parent\" data-id=\"bcee60b\" data-element_type=\"container\" data-e-type=\"container\">\n\t\t\t\t\t<div class=\"e-con-inner\">\n\t\t<div class=\"elementor-element elementor-element-490edb4 e-con-full e-flex e-con e-child\" data-id=\"490edb4\" data-element_type=\"container\" data-e-type=\"container\">\n\t\t\t\t<div class=\"elementor-element elementor-element-edafa19 elementor-widget elementor-widget-text-editor\" data-id=\"edafa19\" data-element_type=\"widget\" data-e-type=\"widget\" data-widget_type=\"text-editor.default\">\n\t\t\t\t<div class=\"elementor-widget-container\">\n\t\t\t\t\t\t\t\t\t<h2><strong>Aviso Legal <\/strong><\/h2><p><br \/>En nombre de la empresa tratamos la informaci\u00f3n que nos facilita con el fin de prestarles el servicio solicitado o realizar la facturaci\u00f3n del mismo.<\/p><p><br \/>Los datos proporcionados se conservar\u00e1n mientras se mantenga la relaci\u00f3n comercial o durante los a\u00f1os necesarios para cumplir con las obligaciones legales. Los datos no se ceder\u00e1n a terceros salvo en los casos en que exista una obligaci\u00f3n legal.<\/p><p><br \/>Usted tiene derecho a obtener confirmaci\u00f3n sobre si en la empresa\u00a0<strong>Comaser 2007, S.L.<\/strong>\u00a0estamos tratando sus datos personales por tanto tiene derecho a acceder a sus datos personales, rectificar los datos inexactos o solicitar su supresi\u00f3n cuando los datos ya no sean necesarios.<\/p><p><strong><br \/>Responsable<\/strong>: Comaser 2007, S.L.<\/p><p><strong>CIF:<\/strong> B13461074<\/p><p><strong>Tel\u00e9fono de contacto:<\/strong> +34 651 067 991<\/p><p><strong>E-Mail:<\/strong> info@casasparavivir.com<\/p><p><strong>Direcci\u00f3n postal:<\/strong> C\/ Ficus, 43 &#8211; 29382 Benalm\u00e1dena (M\u00e1laga)<\/p>\t\t\t\t\t\t\t\t<\/div>\n\t\t\t\t<\/div>\n\t\t\t\t<\/div>\n\t\t<div class=\"elementor-element elementor-element-6cb2b33 e-con-full e-flex e-con e-child\" data-id=\"6cb2b33\" data-element_type=\"container\" data-e-type=\"container\">\n\t\t\t\t<div class=\"elementor-element elementor-element-d723408 elementor-widget elementor-widget-image\" data-id=\"d723408\" data-element_type=\"widget\" data-e-type=\"widget\" data-widget_type=\"image.default\">\n\t\t\t\t<div class=\"elementor-widget-container\">\n\t\t\t\t\t\t\t\t\t\t\t\t\t\t\t<img fetchpriority=\"high\" decoding=\"async\" width=\"900\" height=\"600\" src=\"https:\/\/www.casasparavivir.com\/wp-content\/uploads\/2024\/05\/01-5.jpg\" class=\"attachment-large size-large wp-image-1266\" alt=\"\" srcset=\"https:\/\/www.casasparavivir.com\/wp-content\/uploads\/2024\/05\/01-5.jpg 900w, https:\/\/www.casasparavivir.com\/wp-content\/uploads\/2024\/05\/01-5-300x200.jpg 300w, https:\/\/www.casasparavivir.com\/wp-content\/uploads\/2024\/05\/01-5-768x512.jpg 768w\" sizes=\"(max-width: 900px) 100vw, 900px\" \/>\t\t\t\t\t\t\t\t\t\t\t\t\t\t\t<\/div>\n\t\t\t\t<\/div>\n\t\t\t\t<\/div>\n\t\t\t\t\t<\/div>\n\t\t\t\t<\/div>\n\t\t\t\t<\/div>\n\t\t","protected":false},"excerpt":{"rendered":"<p>Aviso Legal En nombre de la empresa tratamos la informaci\u00f3n que nos facilita con el fin de prestarles el servicio solicitado o realizar la facturaci\u00f3n del mismo. Los datos proporcionados se conservar\u00e1n mientras se mantenga la relaci\u00f3n comercial o durante los a\u00f1os necesarios para cumplir con las obligaciones legales. Los datos no se ceder\u00e1n a<a class=\"post-read-more\" href=\"https:\/\/www.casasparavivir.com\/index.php\/aviso-legal\/\">Leer m\u00e1s<\/a><\/p>\n","protected":false},"author":1,"featured_media":0,"parent":0,"menu_order":0,"comment_status":"closed","ping_status":"closed","template":"","meta":{"footnotes":""},"class_list":["post-1257","page","type-page","status-publish","hentry"],"_links":{"self":[{"href":"https:\/\/www.casasparavivir.com\/index.php\/wp-json\/wp\/v2\/pages\/1257","targetHints":{"allow":["GET"]}}],"collection":[{"href":"https:\/\/www.casasparavivir.com\/index.php\/wp-json\/wp\/v2\/pages"}],"about":[{"href":"https:\/\/www.casasparavivir.com\/index.php\/wp-json\/wp\/v2\/types\/page"}],"author":[{"embeddable":true,"href":"https:\/\/www.casasparavivir.com\/index.php\/wp-json\/wp\/v2\/users\/1"}],"replies":[{"embeddable":true,"href":"https:\/\/www.casasparavivir.com\/index.php\/wp-json\/wp\/v2\/comments?post=1257"}],"version-history":[{"count":16,"href":"https:\/\/www.casasparavivir.com\/index.php\/wp-json\/wp\/v2\/pages\/1257\/revisions"}],"predecessor-version":[{"id":1275,"href":"https:\/\/www.casasparavivir.com\/index.php\/wp-json\/wp\/v2\/pages\/1257\/revisions\/1275"}],"wp:attachment":[{"href":"https:\/\/www.casasparavivir.com\/index.php\/wp-json\/wp\/v2\/media?parent=1257"}],"curies":[{"name":"wp","href":"https:\/\/api.w.org\/{rel}","templated":true}]}}